{"id":933,"date":"2024-11-08T19:46:11","date_gmt":"2024-11-08T22:46:11","guid":{"rendered":"https:\/\/paroquiasaogeraldo.org.br\/?page_id=933"},"modified":"2024-11-08T19:46:11","modified_gmt":"2024-11-08T22:46:11","slug":"os-sete-sacramentos","status":"publish","type":"page","link":"https:\/\/paroquiasaogeraldo.org.br\/?page_id=933","title":{"rendered":"Os sete sacramentos"},"content":{"rendered":"\n<p><strong>Os sacramentos s\u00e3o&nbsp;ritos de f\u00e9&nbsp;da Igreja Cat\u00f3lica Apost\u00f3lica Romana. Os sacramentos simbolizam momentos de comunh\u00e3o e confirma\u00e7\u00e3o da f\u00e9 em Deus.<\/strong><\/p>\n\n\n\n<p><strong>Cada um dos sacramentos acontece durante um per\u00edodo da vida das pessoas. Iniciando com o batismo, logo ap\u00f3s o nascimento, e terminando com a Un\u00e7\u00e3o dos enfermos, dada aos doentes no final da vida.<\/strong><\/p>\n\n\n\n<p><strong>Os sacramentos s\u00e3o importantes para a comunidade cat\u00f3lica porque s\u00e3o ocasi\u00f5es de relembrar as gra\u00e7as feitas por Deus e confirmar a continuidade e fortalecimento da f\u00e9 crist\u00e3.<\/strong><\/p>\n\n\n\n<p><strong>1. Batismo: \u00c9 o sacramento que nos torna membros da Igreja, removendo o pecado original e nos unindo a Cristo. (C\u00e2n. 849-878)<\/strong><\/p>\n\n\n\n<p><strong>2. Eucaristia: A Eucaristia \u00e9 o centro da vida crist\u00e3, onde recebemos o Corpo e Sangue de Cristo. (C\u00e2n. 897-958)<\/strong><\/p>\n\n\n\n<p><strong>3. Confirma\u00e7\u00e3o: Confere o Esp\u00edrito Santo para fortalecer a f\u00e9 e completar a gra\u00e7a do Batismo. (C\u00e2n. 879-896)<\/strong><\/p>\n\n\n\n<p><strong>4. Penit\u00eancia (ou Reconcilia\u00e7\u00e3o): Oferece o perd\u00e3o dos pecados atrav\u00e9s da confiss\u00e3o individual ao sacerdote. (C\u00e2n. 959-997)<\/strong><\/p>\n\n\n\n<p><strong>5. Un\u00e7\u00e3o dos Enfermos: Concede gra\u00e7a especial aos doentes e idosos, fortalecendo-os espiritual e fisicamente. (C\u00e2n. 998-1007)<\/strong><\/p>\n\n\n\n<p><strong>6. Ordem: Confere poder sacramental aos ordenados para servir e liderar a comunidade crist\u00e3. (C\u00e2n. 1008-1054)<\/strong><\/p>\n\n\n\n<p><strong>7. Matrim\u00f4nio: Uni\u00e3o sacramental entre um homem e uma mulher para o bem m\u00fatuo e a procria\u00e7\u00e3o dos filhos. (C\u00e2n. 1055-1165)<\/strong><\/p>\n\n\n\n<p><strong>Esses sacramentos, al\u00e9m de serem sinais eficazes da gra\u00e7a de Deus, s\u00e3o regulados pelo C\u00f3digo de Direito Can\u00f4nico para garantir sua administra\u00e7\u00e3o correta e pastoral na vida da Igreja Cat\u00f3lica.<\/strong><\/p>\n\n\n\n<figure class=\"wp-block-image size-full\"><img loading=\"lazy\" decoding=\"async\" width=\"640\" height=\"294\" src=\"https:\/\/paroquiasaogeraldo.org.br\/wp-content\/uploads\/2024\/11\/o-catecismo-e-os-sacramentos-1.jpg\" alt=\"\" class=\"wp-image-935\" srcset=\"https:\/\/paroquiasaogeraldo.org.br\/wp-content\/uploads\/2024\/11\/o-catecismo-e-os-sacramentos-1.jpg 640w, https:\/\/paroquiasaogeraldo.org.br\/wp-content\/uploads\/2024\/11\/o-catecismo-e-os-sacramentos-1-300x138.jpg 300w\" sizes=\"auto, (max-width: 640px) 100vw, 640px\" \/><\/figure>\n","protected":false},"excerpt":{"rendered":"<p>Os sacramentos s\u00e3o&nbsp;ritos de f\u00e9&nbsp;da Igreja Cat\u00f3lica Apost\u00f3lica Romana. Os sacramentos simbolizam momentos de comunh\u00e3o e confirma\u00e7\u00e3o da f\u00e9 em Deus. Cada um dos sacramentos acontece durante um per\u00edodo da vida das pessoas. Iniciando com o batismo, logo ap\u00f3s o nascimento, e terminando com a Un\u00e7\u00e3o dos enfermos, dada aos doentes no final da vida. &hellip;<\/p>\n<p class=\"read-more\"> <a class=\"\" href=\"https:\/\/paroquiasaogeraldo.org.br\/?page_id=933\"> <span class=\"screen-reader-text\">Os sete sacramentos<\/span> Leia mais &raquo;<\/a><\/p>\n","protected":false},"author":1,"featured_media":0,"parent":0,"menu_order":0,"comment_status":"closed","ping_status":"closed","template":"","meta":{"site-sidebar-layout":"default","site-content-layout":"default","ast-main-header-display":"","ast-hfb-above-header-display":"","ast-hfb-below-header-display":"","ast-hfb-mobile-header-display":"","site-post-title":"","ast-breadcrumbs-content":"","ast-featured-img":"","footer-sml-layout":"","theme-transparent-header-meta":"","adv-header-id-meta":"","stick-header-meta":"","header-above-stick-meta":"","header-main-stick-meta":"","header-below-stick-meta":"","footnotes":""},"class_list":["post-933","page","type-page","status-publish","hentry"],"_links":{"self":[{"href":"https:\/\/paroquiasaogeraldo.org.br\/index.php?rest_route=\/wp\/v2\/pages\/933","targetHints":{"allow":["GET"]}}],"collection":[{"href":"https:\/\/paroquiasaogeraldo.org.br\/index.php?rest_route=\/wp\/v2\/pages"}],"about":[{"href":"https:\/\/paroquiasaogeraldo.org.br\/index.php?rest_route=\/wp\/v2\/types\/page"}],"author":[{"embeddable":true,"href":"https:\/\/paroquiasaogeraldo.org.br\/index.php?rest_route=\/wp\/v2\/users\/1"}],"replies":[{"embeddable":true,"href":"https:\/\/paroquiasaogeraldo.org.br\/index.php?rest_route=%2Fwp%2Fv2%2Fcomments&post=933"}],"version-history":[{"count":1,"href":"https:\/\/paroquiasaogeraldo.org.br\/index.php?rest_route=\/wp\/v2\/pages\/933\/revisions"}],"predecessor-version":[{"id":937,"href":"https:\/\/paroquiasaogeraldo.org.br\/index.php?rest_route=\/wp\/v2\/pages\/933\/revisions\/937"}],"wp:attachment":[{"href":"https:\/\/paroquiasaogeraldo.org.br\/index.php?rest_route=%2Fwp%2Fv2%2Fmedia&parent=933"}],"curies":[{"name":"wp","href":"https:\/\/api.w.org\/{rel}","templated":true}]}}