{"id":916,"date":"2024-11-08T19:12:37","date_gmt":"2024-11-08T22:12:37","guid":{"rendered":"https:\/\/paroquiasaogeraldo.org.br\/?page_id=916"},"modified":"2024-11-08T19:47:06","modified_gmt":"2024-11-08T22:47:06","slug":"grupos-e-movimentos-eclesiais","status":"publish","type":"page","link":"https:\/\/paroquiasaogeraldo.org.br\/?page_id=916","title":{"rendered":"Grupos e movimentos eclesiais"},"content":{"rendered":"\n<h4 class=\"wp-block-heading\"><strong>APOSTOLADO DA ORA\u00c7\u00c3O<\/strong><\/h4>\n\n\n\n<p><strong>H\u00e1 110 anos na Par\u00f3quia S\u00e3o Geraldo<\/strong><\/p>\n\n\n\n<p>O Apostolado da Ora\u00e7\u00e3o \u00e9 um movimento religioso composto por leigos cat\u00f3licos. \u00c9 uma rede mundial de ora\u00e7\u00e3o que serve aos desafios da humanidade e \u00e0 miss\u00e3o da Igreja, expressos nas inten\u00e7\u00f5es mensais de ora\u00e7\u00e3o do Papa. \u00c9 um caminho espiritual que a Igreja prop\u00f5e a todos os crist\u00e3os para ajud\u00e1-los a ser amigos e ap\u00f3stolos de Jesus Ressuscitado na vida di\u00e1ria, despertando neles a capacidade mission\u00e1ria e levando-os a uma alian\u00e7a de amor pessoal com Ele, simbolizada em Seu Cora\u00e7\u00e3o.&nbsp;<\/p>\n\n\n\n<p>Objetivo: Sua finalidade \u00e9 a santifica\u00e7\u00e3o pessoal e a evangeliza\u00e7\u00e3o das fam\u00edlias, com especial devo\u00e7\u00e3o ao Sagrado Cora\u00e7\u00e3o de Jesus.&nbsp;<\/p>\n\n\n\n<p>Atividade: Os membros do Apostolado da Ora\u00e7\u00e3o se dedicam \u00e0 ora\u00e7\u00e3o di\u00e1ria, ao oferecimento pessoal e \u00e0 fidelidade \u00e0 Igreja, na primeira sexta-feira do m\u00eas, Santa Missa em louvor ao Sagrado Cora\u00e7\u00e3o de Jesus, \u00e0s 18h30, com B\u00caN\u00c7\u00c3O EUCAR\u00cdSTICA e na \u00faltima sexta-feira do m\u00eas, reuni\u00e3o de todos os membros do apostolado \u00e0s 16h00 no Sal\u00e3o do Centro de Catequese.<\/p>\n\n\n\n<figure class=\"wp-block-gallery has-nested-images columns-default is-cropped wp-block-gallery-1 is-layout-flex wp-block-gallery-is-layout-flex\">\n<figure class=\"wp-block-image size-large\"><img loading=\"lazy\" decoding=\"async\" width=\"1024\" height=\"530\" data-id=\"920\" src=\"https:\/\/paroquiasaogeraldo.org.br\/wp-content\/uploads\/2024\/11\/WhatsApp-Image-2024-11-08-at-19.13.39-1024x530.jpeg\" alt=\"\" class=\"wp-image-920\" srcset=\"https:\/\/paroquiasaogeraldo.org.br\/wp-content\/uploads\/2024\/11\/WhatsApp-Image-2024-11-08-at-19.13.39-1024x530.jpeg 1024w, https:\/\/paroquiasaogeraldo.org.br\/wp-content\/uploads\/2024\/11\/WhatsApp-Image-2024-11-08-at-19.13.39-300x155.jpeg 300w, https:\/\/paroquiasaogeraldo.org.br\/wp-content\/uploads\/2024\/11\/WhatsApp-Image-2024-11-08-at-19.13.39-768x398.jpeg 768w, https:\/\/paroquiasaogeraldo.org.br\/wp-content\/uploads\/2024\/11\/WhatsApp-Image-2024-11-08-at-19.13.39.jpeg 1170w\" sizes=\"auto, (max-width: 1024px) 100vw, 1024px\" \/><\/figure>\n<\/figure>\n\n\n\n<h4 class=\"wp-block-heading\"><strong>TER\u00c7O DOS HOMENS<\/strong><\/h4>\n\n\n\n<p>O Movimento Ter\u00e7o dos Homens \u00e9 um dom do Esp\u00edrito Santo para toda a igreja, que, por meio da simplicidade dessa ora\u00e7\u00e3o Mariana, transforma a vida de muitos homens e tamb\u00e9m de suas fam\u00edlias. A reza do ter\u00e7o \u00e9 uma porta aberta para a evangeliza\u00e7\u00e3o, bem como para se seguir os ensinamentos do Evangelho de Nosso Senhor Jesus Cristo, trazendo os homens, desta forma, para o seio da Igreja, conscientizando-os e motivando-os a desenvolver e a utilizar seu pleno potencial espiritual e o social na fam\u00edlia e na comunidade.<\/p>\n\n\n\n<p>Objetivo: \u00c9 um grupo formado por homens, com a participa\u00e7\u00e3o de mulheres tamb\u00e9m, que se re\u00fanem semanalmente para a ora\u00e7\u00e3o do Santo Ter\u00e7o. S\u00e3o pessoas que se juntam para rezar por suas fam\u00edlias e por toda a comunidade dos fi\u00e9is.<\/p>\n\n\n\n<p>Atividade: Ora\u00e7\u00e3o do ter\u00e7o \u00e0s ter\u00e7as-feiras, \u00e0s 18h00 e, anualmente, o encontro Nacional do Ter\u00e7o dos Homens no Santu\u00e1rio Nacional de Aparecida.<\/p>\n\n\n\n<figure class=\"wp-block-gallery has-nested-images columns-default is-cropped wp-block-gallery-2 is-layout-flex wp-block-gallery-is-layout-flex\">\n<figure class=\"wp-block-image size-large\"><img loading=\"lazy\" decoding=\"async\" width=\"949\" height=\"1024\" data-id=\"926\" src=\"https:\/\/paroquiasaogeraldo.org.br\/wp-content\/uploads\/2024\/11\/WhatsApp-Image-2024-11-08-at-19.26.03-949x1024.jpeg\" alt=\"\" class=\"wp-image-926\" srcset=\"https:\/\/paroquiasaogeraldo.org.br\/wp-content\/uploads\/2024\/11\/WhatsApp-Image-2024-11-08-at-19.26.03-949x1024.jpeg 949w, https:\/\/paroquiasaogeraldo.org.br\/wp-content\/uploads\/2024\/11\/WhatsApp-Image-2024-11-08-at-19.26.03-278x300.jpeg 278w, https:\/\/paroquiasaogeraldo.org.br\/wp-content\/uploads\/2024\/11\/WhatsApp-Image-2024-11-08-at-19.26.03-768x829.jpeg 768w, https:\/\/paroquiasaogeraldo.org.br\/wp-content\/uploads\/2024\/11\/WhatsApp-Image-2024-11-08-at-19.26.03.jpeg 1032w\" sizes=\"auto, (max-width: 949px) 100vw, 949px\" \/><\/figure>\n<\/figure>\n\n\n\n<h4 class=\"wp-block-heading\"><strong>OFICIO DIVINO DAS COMUNIDADES<\/strong><\/h4>\n\n\n\n<p>\u00c9 a ora\u00e7\u00e3o oficial da Igreja, fazendo mem\u00f3ria da P\u00e1scoa de Jesus nas horas can\u00f4nicas, de manh\u00e3, \u00e0 tarde e \u00e0 noite.<\/p>\n\n\n\n<p>O Of\u00edcio Divino das Comunidades representa um esfor\u00e7o de incultura\u00e7\u00e3o da Liturgia das Horas, com os mesmos elementos e estrutura, com a mesma teologia e espiritualidade, por\u00e9m, mais simples e com uma linguagem orante, po\u00e9tica e musical, pr\u00f3xima da maioria do povo.<\/p>\n\n\n\n<p>Objetivo: Por meio dos minist\u00e9rios do of\u00edcio, que s\u00e3o a coordena\u00e7\u00e3o, os leitores e os cantores, fazer uma ora\u00e7\u00e3o preferencialmente Comunit\u00e1ria de louvor e intercess\u00e3o.<\/p>\n\n\n\n<p>Atividade: Ora\u00e7\u00e3o aos s\u00e1bados, \u00e0s 09h30.<\/p>\n\n\n\n<figure class=\"wp-block-gallery has-nested-images columns-default is-cropped wp-block-gallery-3 is-layout-flex wp-block-gallery-is-layout-flex\">\n<figure class=\"wp-block-image size-large\"><img loading=\"lazy\" decoding=\"async\" width=\"714\" height=\"345\" data-id=\"928\" src=\"https:\/\/paroquiasaogeraldo.org.br\/wp-content\/uploads\/2024\/11\/WhatsApp-Image-2024-11-08-at-19.14.04.jpeg\" alt=\"\" class=\"wp-image-928\" srcset=\"https:\/\/paroquiasaogeraldo.org.br\/wp-content\/uploads\/2024\/11\/WhatsApp-Image-2024-11-08-at-19.14.04.jpeg 714w, https:\/\/paroquiasaogeraldo.org.br\/wp-content\/uploads\/2024\/11\/WhatsApp-Image-2024-11-08-at-19.14.04-300x145.jpeg 300w\" sizes=\"auto, (max-width: 714px) 100vw, 714px\" \/><\/figure>\n<\/figure>\n\n\n\n<h4 class=\"wp-block-heading\"><strong>MOVIMENTO DOS ORAT\u00d3RIOS DE S\u00c3O GERALDO<\/strong><\/h4>\n\n\n\n<p>O Movimento dos Orat\u00f3rios de S\u00e3o Geraldo foi institu\u00eddo em nossa Par\u00f3quia em 2002, como um movimento mission\u00e1rio, por iniciativa de senhoras da comunidade paroquial, profundamente devotas de S\u00e3o Geraldo, entre elas as Senhoras Maria do Carmo Della Libera e Beatriz Alonso.<\/p>\n\n\n\n<p>Sendo protetor das m\u00e3es, sobretudo das gestantes e das crian\u00e7as, o Movimento dos Orat\u00f3rios tornou S\u00e3o Geraldo mais conhecido e pr\u00f3ximo das fam\u00edlias de nossa Comunidade, que compreenderam que, assim como nosso Padroeiro, a santifica\u00e7\u00e3o se conquista pelo amor, na solidariedade, no sacrif\u00edcio e na doa\u00e7\u00e3o, com o aux\u00edlio da gra\u00e7a divina.<\/p>\n\n\n\n<p>Esse Movimento mission\u00e1rio come\u00e7ou na Par\u00f3quia S\u00e3o Geraldo com apenas um (1) Orat\u00f3rio percorrendo algumas ruas do nosso Bairro e hoje contamos com vinte e um (21) Orat\u00f3rios, visitando mensalmente muitas fam\u00edlias.<\/p>\n\n\n\n<p>A festa lit\u00fargica de S\u00e3o Geraldo ocorre no dia 16 de outubro, sempre celebrada solenemente, com diversas Missas, no dia 16 de cada m\u00eas \u00e9 celebrada festivamente a Missa de louvor ao Padroeiro, com a presen\u00e7a de todos os Orat\u00f3rios. S\u00e3o incont\u00e1veis os testemunhos de gra\u00e7as e milagres alcan\u00e7ados pela intercess\u00e3o de S\u00e3o Geraldo.<\/p>\n\n\n\n<p>As pessoas interessadas em fazer parte desse Movimento recebendo a visita do Orat\u00f3rio de S\u00e3o Geraldo, podem deixar seus dados na Secretaria paroquial. Tel. (11) 3667.0660.&nbsp;<\/p>\n\n\n\n<figure class=\"wp-block-gallery has-nested-images columns-default is-cropped wp-block-gallery-4 is-layout-flex wp-block-gallery-is-layout-flex\">\n<figure class=\"wp-block-image size-large\"><img loading=\"lazy\" decoding=\"async\" width=\"768\" height=\"1024\" data-id=\"927\" src=\"https:\/\/paroquiasaogeraldo.org.br\/wp-content\/uploads\/2024\/11\/WhatsApp-Image-2024-11-08-at-19.18.04-768x1024.jpeg\" alt=\"\" class=\"wp-image-927\" srcset=\"https:\/\/paroquiasaogeraldo.org.br\/wp-content\/uploads\/2024\/11\/WhatsApp-Image-2024-11-08-at-19.18.04-768x1024.jpeg 768w, https:\/\/paroquiasaogeraldo.org.br\/wp-content\/uploads\/2024\/11\/WhatsApp-Image-2024-11-08-at-19.18.04-225x300.jpeg 225w, https:\/\/paroquiasaogeraldo.org.br\/wp-content\/uploads\/2024\/11\/WhatsApp-Image-2024-11-08-at-19.18.04.jpeg 960w\" sizes=\"auto, (max-width: 768px) 100vw, 768px\" \/><\/figure>\n<\/figure>\n\n\n\n<h4 class=\"wp-block-heading\"><strong>ADORA\u00c7\u00c3O EUCAR\u00cdSTICA<\/strong><\/h4>\n\n\n\n<p>Toda quinta-feira \u00e9 dia especial de Adora\u00e7\u00e3o Eucar\u00edstica. Essa tradi\u00e7\u00e3o nos remete \u00e0 Quinta-feira Santa, quando Jesus instituiu a Eucaristia durante a \u00daltima Ceia. A Eucaristia \u00e9 o sacramento por excel\u00eancia. Todos os demais sacramentos foram institu\u00eddos pelo Senhor em vista do Sacramento da Eucaristia. A pr\u00f3pria Igreja foi criada por Jesus em virtude dela.<\/p>\n\n\n\n<p>Para recordar o dia da Institui\u00e7\u00e3o da Eucaristia, na Quinta-feira Santa, a Igreja nos convida a devotarmos nossas ora\u00e7\u00f5es a Jesus Eucar\u00edstico em todas as quintas-feiras do ano. Somos chamados, nesse dia em especial, a adorar o Senhor. N\u00e3o perca a oportunidade de estar na presen\u00e7a poderosa do Senhor, n\u00e3o deixe de ador\u00e1-Lo!<\/p>\n\n\n\n<p>Quinta-feira \u00e9 dia de Adorar Jesus no Sant\u00edssimo Sacramento!&nbsp;<\/p>\n\n\n\n<p>\u201cT\u00e3o Sublime Sacramento, adoremos neste altar! Venha a f\u00e9, por suplemento, os sentidos completar.\u201d<\/p>\n\n\n\n<p>Objetivos: Adorar a Jesus no Sant\u00edssimo Sacramento; elevar a Ele nossos pedidos; agradecer pelas gra\u00e7as alcan\u00e7adas; receber a b\u00ean\u00e7\u00e3o que \u00e9 dada ap\u00f3s a Adora\u00e7\u00e3o.<\/p>\n\n\n\n<p>Atividade: Todas as quintas-feiras, das 17h00 \u00e0s 18h00<\/p>\n\n\n\n<figure class=\"wp-block-gallery has-nested-images columns-default is-cropped wp-block-gallery-5 is-layout-flex wp-block-gallery-is-layout-flex\">\n<figure class=\"wp-block-image size-large\"><img loading=\"lazy\" decoding=\"async\" width=\"1011\" height=\"769\" data-id=\"930\" src=\"https:\/\/paroquiasaogeraldo.org.br\/wp-content\/uploads\/2024\/11\/WhatsApp-Image-2024-11-08-at-19.36.13.jpeg\" alt=\"\" class=\"wp-image-930\" srcset=\"https:\/\/paroquiasaogeraldo.org.br\/wp-content\/uploads\/2024\/11\/WhatsApp-Image-2024-11-08-at-19.36.13.jpeg 1011w, https:\/\/paroquiasaogeraldo.org.br\/wp-content\/uploads\/2024\/11\/WhatsApp-Image-2024-11-08-at-19.36.13-300x228.jpeg 300w, https:\/\/paroquiasaogeraldo.org.br\/wp-content\/uploads\/2024\/11\/WhatsApp-Image-2024-11-08-at-19.36.13-768x584.jpeg 768w\" sizes=\"auto, (max-width: 1011px) 100vw, 1011px\" \/><\/figure>\n<\/figure>\n\n\n\n<h4 class=\"wp-block-heading\"><strong>TER\u00c7O MARIANO<\/strong><\/h4>\n\n\n\n<p>O Ter\u00e7o Mariano \u00e9 uma pr\u00e1tica de devo\u00e7\u00e3o profundamente significativa para os cat\u00f3licos.&nbsp; Aqui est\u00e3o alguns pontos importantes sobre o Ter\u00e7o:<\/p>\n\n\n\n<p>1. Honra \u00e0 Virgem Maria: O Ter\u00e7o \u00e9 uma forma de honrar a Virgem Maria, m\u00e3e espiritual de todos os crist\u00e3os. Ao rez\u00e1-lo, expressamos nossa devo\u00e7\u00e3o e amor filial a ela.<\/p>\n\n\n\n<p>2. Contempla\u00e7\u00e3o dos Mist\u00e9rios: O Ter\u00e7o nos conduz \u00e0 contempla\u00e7\u00e3o dos mist\u00e9rios da vida de Jesus e Maria. Os mist\u00e9rios gozosos, luminosos, dolorosos e gloriosos nos aproximam desses eventos significativos.<\/p>\n\n\n\n<p>3. Fortalecimento Espiritual: A repeti\u00e7\u00e3o das preces e a medita\u00e7\u00e3o nos mist\u00e9rios fortalecem nossa vida espiritual e nossa rela\u00e7\u00e3o com Deus. Confiamos em Deus, buscamos Sua vontade e entregamos nossas preocupa\u00e7\u00f5es.<\/p>\n\n\n\n<p>4. Prote\u00e7\u00e3o e Batalha Espiritual: O Ter\u00e7o tamb\u00e9m \u00e9 visto como uma prote\u00e7\u00e3o contra o mal. Ao rez\u00e1-lo, nos unimos \u00e0 intercess\u00e3o de Maria e enfrentamos a batalha espiritual.<\/p>\n\n\n\n<p>O Ter\u00e7o Mariano \u00e9 uma pr\u00e1tica que nos aproxima de Deus, nos conecta com Maria e nos ajuda a viver de acordo com os ensinamentos do Evangelho.<\/p>\n\n\n\n<p>Na Paroquia S\u00e3o Geraldo, rezamos e realizamos uma breve medita\u00e7\u00e3o todos os primeiros s\u00e1bados de cada m\u00eas, \u00e0s 16h00, na Gruta (localizada no estacionamento)<\/p>\n\n\n\n<p>Atividade: Ora\u00e7\u00e3o do ter\u00e7o no 1\u00ba s\u00e1bado de cada m\u00eas, \u00e0s 16h00.<\/p>\n\n\n\n<figure class=\"wp-block-gallery has-nested-images columns-default is-cropped wp-block-gallery-6 is-layout-flex wp-block-gallery-is-layout-flex\">\n<figure class=\"wp-block-image size-large\"><img loading=\"lazy\" decoding=\"async\" width=\"1024\" height=\"742\" data-id=\"941\" src=\"https:\/\/paroquiasaogeraldo.org.br\/wp-content\/uploads\/2024\/11\/WhatsApp-Image-2024-11-08-at-19.46.09-1024x742.jpeg\" alt=\"\" class=\"wp-image-941\" srcset=\"https:\/\/paroquiasaogeraldo.org.br\/wp-content\/uploads\/2024\/11\/WhatsApp-Image-2024-11-08-at-19.46.09-1024x742.jpeg 1024w, https:\/\/paroquiasaogeraldo.org.br\/wp-content\/uploads\/2024\/11\/WhatsApp-Image-2024-11-08-at-19.46.09-300x217.jpeg 300w, https:\/\/paroquiasaogeraldo.org.br\/wp-content\/uploads\/2024\/11\/WhatsApp-Image-2024-11-08-at-19.46.09-768x557.jpeg 768w, https:\/\/paroquiasaogeraldo.org.br\/wp-content\/uploads\/2024\/11\/WhatsApp-Image-2024-11-08-at-19.46.09.jpeg 1163w\" sizes=\"auto, (max-width: 1024px) 100vw, 1024px\" \/><\/figure>\n<\/figure>\n","protected":false},"excerpt":{"rendered":"<p>APOSTOLADO DA ORA\u00c7\u00c3O H\u00e1 110 anos na Par\u00f3quia S\u00e3o Geraldo O Apostolado da Ora\u00e7\u00e3o \u00e9 um movimento religioso composto por leigos cat\u00f3licos. \u00c9 uma rede mundial de ora\u00e7\u00e3o que serve aos desafios da humanidade e \u00e0 miss\u00e3o da Igreja, expressos nas inten\u00e7\u00f5es mensais de ora\u00e7\u00e3o do Papa. \u00c9 um caminho espiritual que a Igreja prop\u00f5e &hellip;<\/p>\n<p class=\"read-more\"> <a class=\"\" href=\"https:\/\/paroquiasaogeraldo.org.br\/?page_id=916\"> <span class=\"screen-reader-text\">Grupos e movimentos eclesiais<\/span> Leia mais &raquo;<\/a><\/p>\n","protected":false},"author":1,"featured_media":0,"parent":0,"menu_order":0,"comment_status":"closed","ping_status":"closed","template":"","meta":{"site-sidebar-layout":"default","site-content-layout":"default","ast-main-header-display":"","ast-hfb-above-header-display":"","ast-hfb-below-header-display":"","ast-hfb-mobile-header-display":"","site-post-title":"","ast-breadcrumbs-content":"","ast-featured-img":"","footer-sml-layout":"","theme-transparent-header-meta":"","adv-header-id-meta":"","stick-header-meta":"","header-above-stick-meta":"","header-main-stick-meta":"","header-below-stick-meta":"","footnotes":""},"class_list":["post-916","page","type-page","status-publish","hentry"],"_links":{"self":[{"href":"https:\/\/paroquiasaogeraldo.org.br\/index.php?rest_route=\/wp\/v2\/pages\/916","targetHints":{"allow":["GET"]}}],"collection":[{"href":"https:\/\/paroquiasaogeraldo.org.br\/index.php?rest_route=\/wp\/v2\/pages"}],"about":[{"href":"https:\/\/paroquiasaogeraldo.org.br\/index.php?rest_route=\/wp\/v2\/types\/page"}],"author":[{"embeddable":true,"href":"https:\/\/paroquiasaogeraldo.org.br\/index.php?rest_route=\/wp\/v2\/users\/1"}],"replies":[{"embeddable":true,"href":"https:\/\/paroquiasaogeraldo.org.br\/index.php?rest_route=%2Fwp%2Fv2%2Fcomments&post=916"}],"version-history":[{"count":5,"href":"https:\/\/paroquiasaogeraldo.org.br\/index.php?rest_route=\/wp\/v2\/pages\/916\/revisions"}],"predecessor-version":[{"id":942,"href":"https:\/\/paroquiasaogeraldo.org.br\/index.php?rest_route=\/wp\/v2\/pages\/916\/revisions\/942"}],"wp:attachment":[{"href":"https:\/\/paroquiasaogeraldo.org.br\/index.php?rest_route=%2Fwp%2Fv2%2Fmedia&parent=916"}],"curies":[{"name":"wp","href":"https:\/\/api.w.org\/{rel}","templated":true}]}}