{"id":809,"date":"2022-02-24T09:08:13","date_gmt":"2022-02-24T12:08:13","guid":{"rendered":"https:\/\/paroquiasaogeraldo.org.br\/?page_id=809"},"modified":"2024-09-19T14:49:47","modified_gmt":"2024-09-19T17:49:47","slug":"historia-do-padroeiro","status":"publish","type":"page","link":"https:\/\/paroquiasaogeraldo.org.br\/?page_id=809","title":{"rendered":"Hist\u00f3ria do Padroeiro"},"content":{"rendered":"\t\t<div data-elementor-type=\"wp-page\" data-elementor-id=\"809\" class=\"elementor elementor-809\" data-elementor-settings=\"[]\">\n\t\t\t\t\t\t<div class=\"elementor-inner\">\n\t\t\t\t\t\t\t<div class=\"elementor-section-wrap\">\n\t\t\t\t\t\t\t<section class=\"elementor-section elementor-top-section elementor-element elementor-element-df4074e elementor-section-boxed elementor-section-height-default elementor-section-height-default\" data-id=\"df4074e\" data-element_type=\"section\">\n\t\t\t\t\t\t<div class=\"elementor-container elementor-column-gap-default\">\n\t\t\t\t\t\t\t<div class=\"elementor-row\">\n\t\t\t\t\t<div class=\"elementor-column elementor-col-100 elementor-top-column elementor-element elementor-element-1697a96\" data-id=\"1697a96\" data-element_type=\"column\">\n\t\t\t<div class=\"elementor-column-wrap elementor-element-populated\">\n\t\t\t\t\t\t\t<div class=\"elementor-widget-wrap\">\n\t\t\t\t\t\t<div class=\"elementor-element elementor-element-1d0f0fa elementor-widget elementor-widget-heading\" data-id=\"1d0f0fa\" data-element_type=\"widget\" data-widget_type=\"heading.default\">\n\t\t\t\t<div class=\"elementor-widget-container\">\n\t\t\t<h2 class=\"elementor-heading-title elementor-size-default\">Hist\u00f3ria do nosso Padroeiro\n<br>S\u00e3o Geraldo Magela, nosso Padroeiro<\/h2>\t\t<\/div>\n\t\t\t\t<\/div>\n\t\t\t\t\t\t<\/div>\n\t\t\t\t\t<\/div>\n\t\t<\/div>\n\t\t\t\t\t\t\t\t<\/div>\n\t\t\t\t\t<\/div>\n\t\t<\/section>\n\t\t\t\t<section class=\"elementor-section elementor-top-section elementor-element elementor-element-6691939 elementor-section-boxed elementor-section-height-default elementor-section-height-default\" data-id=\"6691939\" data-element_type=\"section\">\n\t\t\t\t\t\t<div class=\"elementor-container elementor-column-gap-default\">\n\t\t\t\t\t\t\t<div class=\"elementor-row\">\n\t\t\t\t\t<div class=\"elementor-column elementor-col-100 elementor-top-column elementor-element elementor-element-396e4bd\" data-id=\"396e4bd\" data-element_type=\"column\">\n\t\t\t<div class=\"elementor-column-wrap elementor-element-populated\">\n\t\t\t\t\t\t\t<div class=\"elementor-widget-wrap\">\n\t\t\t\t\t\t<div class=\"elementor-element elementor-element-d275691 elementor-widget elementor-widget-text-editor\" data-id=\"d275691\" data-element_type=\"widget\" data-widget_type=\"text-editor.default\">\n\t\t\t\t<div class=\"elementor-widget-container\">\n\t\t\t\t\t\t\t\t<div class=\"elementor-text-editor elementor-clearfix\">\n\t\t\t\t<p class=\"s11\" style=\"padding-left: 40px; text-align: left;\"><span class=\"s4\">S\u00e3o Geraldo <\/span><span class=\"s10\">nasceu na cidade de Muro Lucano, sul da It\u00e1lia, em 23 de abril de 1726. Era filho de Benedetta. O pai, alfaiate, faleceu quando Geraldo estava com <\/span><span class=\"s10\">apenas 14 anos. S<\/span><span class=\"s10\">ua fam\u00edlia come\u00e7ou a passar por dificuldades extremas, caindo na pobr<\/span><span class=\"s10\">eza. Para ajudar a fam\u00edlia, <\/span><span class=\"s10\">come\u00e7<\/span><span class=\"s10\">ou a trabalhar numa alfaiataria, p<\/span><span class=\"s10\">or<\/span><span class=\"s10\">\u00e9m, n\u00e3o era bem tratado pelo patr\u00e3o. Depois <\/span><span class=\"s10\">foi trabalhar para o bispo de <\/span><span class=\"s10\">Laced\u00f4n<\/span><span class=\"s10\">ia<\/span><span class=\"s10\"> e l\u00e1 ficou<\/span><span class=\"s10\"> at\u00e9 a morte do bispo.<\/span><\/p><p class=\"s3\" style=\"padding-left: 40px; text-align: left;\"><strong><span class=\"s2\">Juventude de S\u00e3o Gerardo Magela<\/span><\/strong><\/p><p class=\"s11\" style=\"padding-left: 40px; text-align: left;\"><span class=\"s4\">Em 1745, aos 19 anos, voltou para Muro e montou sua pr\u00f3pria alfaiataria. O neg\u00f3cio prosperou, mas o que ele ganhava era dado para os pobres. Guardava o necess\u00e1rio para sua m\u00e3e e suas irm\u00e3s e dava o resto aos pobres. Desde muito jovem, ele se esfor\u00e7ou para <\/span><span class=\"s4\">entrar na Ordem dos Capuchinhos, p<\/span><span class=\"s4\">or\u00e9m, n\u00e3o foi aceito devido sua <\/span><span class=\"s4\">fraca sa\u00fade. Foi recebido, entretanto<\/span><span class=\"s4\">, na Congrega\u00e7\u00e3o do Sant\u00edssimo Redentor, ou Redentoristas. L\u00e1, foi sacrist\u00e3o, alfaiate, jardineiro, enfermeiro e porteiro.<\/span><\/p><p class=\"s3\" style=\"padding-left: 40px; text-align: left;\"><strong><span class=\"s2\">Com os Redentoristas<\/span><\/strong><\/p><p class=\"s13\" style=\"padding-left: 40px; text-align: left;\"><span class=\"s4\">Em 1749, os Redentoristas pregaram miss\u00f5es em Mu<\/span><span class=\"s4\">ro, tomando<\/span><span class=\"s4\"> de assalto as tr\u00eas par\u00f3quias da pequena cidade. Geraldo seguiu cada detalhe da miss\u00e3o e decidiu que aquela devia ser a sua vida. Pediu para ingressar no grupo mission\u00e1rio, mas o Pe. <\/span><span class=\"s4\">Cafaro<\/span><span class=\"s4\">, o Superior, recusou-o por motivo de sa\u00fade. Tanto importunou os padres, que, ao deixarem a cidade, o Pe. <\/span><span class=\"s4\">Cafaro<\/span><span class=\"s4\"> sugeriu \u00e0 sua fam\u00edlia que o trancasse no seu quarto. Usan<\/span><span class=\"s4\">do um estratagema que desde ent\u00e3o<\/span><span class=\"s4\"> haveria de encontrar imitadores entre os jovens, Geraldo amarrou os len\u00e7\u00f3is da cama e, descendo pela janela, seguiu o grupo dos mission\u00e1rios. Fez uma dura caminhada de dezenove quil\u00f4metros para chegar at\u00e9 eles. &#8220;Aceitem-<\/span><span class=\"s4\">me, me de<\/span><span class=\"s4\">em uma chance, depois me mandem embora se eu n\u00e3o for bom\u201d, dizia Geraldo.<\/span> <span class=\"s4\">Diante de tamanha<\/span><span class=\"s4\"> persist\u00eancia, Pe. <\/span><span class=\"s4\">C\u00e1faro<\/span><span class=\"s4\"> n\u00e3o p\u00f4de, <\/span><span class=\"s4\">sen\u00e3o, consentir. Mandou Geraldo para a comunidade redentorista <\/span><span class=\"s4\">de <\/span><span class=\"s4\">Deliceto<\/span><span class=\"s4\"> com uma carta em que dizia: &#8220;Estou mandando um outro irm\u00e3o, que ser\u00e1 in\u00fatil quanto ao trabalho<\/span><span class=\"s4\">, \u00e9 um imprest\u00e1vel<\/span><span class=\"s4\">\u201d.<\/span><\/p><p class=\"s13\" style=\"padding-left: 40px; text-align: left;\"><span class=\"s4\">G<\/span><span class=\"s4\">eraldo sentiu-se<\/span><span class=\"s4\"> totalmente <\/span><span class=\"s4\">feliz e <\/span><span class=\"s4\">satisfeito com o modo de vida que Santo Afonso, fundador dos Redentoristas, tra\u00e7ou para os seus religiosos. Ficava radiante ao constatar como era central o amor a Jesus Sacramentado e como era essencial o amor a Maria, M\u00e3e de Jesus. <\/span><\/p><p class=\"s13\" style=\"padding-left: 40px; text-align: left;\"><span class=\"s4\">Professou os primeiros votos na data de 16 de julho de 1752, que, conforme ele ficou sabendo com alegria, era a festa do Sant\u00edssimo Redentor. Desde esse dia, com exce\u00e7\u00e3o de algumas visitas a N\u00e1poles e do temp<\/span><span class=\"s4\">o passado em <\/span><span class=\"s4\">Caposele<\/span><span class=\"s4\">, onde mor<\/span><span class=\"s4\">ou, a maior parte da vida de Geraldo foi vivida na comunidade redentorista de <\/span><span class=\"s4\">Iliceto<\/span><span class=\"s4\">. <\/span><\/p><p class=\"s13\" style=\"padding-left: 40px; text-align: left;\"><span class=\"s4\">O <\/span><span class=\"s4\">r\u00f3tulo<\/span><span class=\"s4\"> de &#8220;in\u00fatil&#8221; n\u00e3o duraria muito. Geraldo era um excelente trabalhador e, nos anos seguintes, foi por v\u00e1rias vezes jardineiro, sacrist\u00e3o, alfaiate, porteiro, cozinheiro, carpinteiro e encarregado das obras da nova casa de <\/span><span class=\"s4\">Caposele<\/span><span class=\"s4\">. Aprendia r\u00e1pido: visitando a oficina de um escultor, logo come\u00e7ou a fazer crucifixos. Era uma joia na comunidade. Tinha apenas uma ambi\u00e7\u00e3o: fazer em tudo a vontade de Deus. <\/span><\/p><p class=\"s13\" style=\"padding-left: 40px; text-align: left;\"><span class=\"s4\">Em 1754, o seu diretor espiritual pediu-lhe que escrevesse qual era o seu maior desejo. Ele escreveu: &#8220;amar muito a Deus; estar sempre unido com Deus; fazer tudo por amor de Deus; amar a todos por amor de Deus; sofrer muito por Deus. Minha \u00fanica ocupa\u00e7\u00e3o \u00e9 fazer a vontade de Deus\u201d.<\/span><\/p><p class=\"s3\" style=\"padding-left: 40px; text-align: left;\"><strong><span class=\"s2\">V\u00edtima de falsa acusa\u00e7\u00e3o<\/span><\/strong><\/p><p class=\"s13\" style=\"padding-left: 40px; text-align: left;\"><span class=\"s4\">Em 1754 S\u00e3o Geraldo foi falsamente acusado de ter engravidado uma mulher que se chamava <\/span><span class=\"s4\">N\u00e9ria<\/span><span class=\"s4\"> Caggiano. Ela era uma das mo\u00e7as assistidas espiritualmente por Geraldo. Por\u00e9m, ela achou desagrad\u00e1vel a vida do convento e, dentro de tr\u00eas semanas voltou para casa. Para explicar sua atitude, <\/span><span class=\"s4\">N\u00e9ria<\/span><span class=\"s4\"> come\u00e7ou a espalhar mentiras sobre a vida das freiras, e quando o povo de Muro <\/span><span class=\"s4\">recusou-se<\/span><span class=\"s4\"> a acreditar em tais hist\u00f3rias a respeito de um convento recomendado por Geraldo, ela resolveu salvar sua reputa\u00e7\u00e3o, destruindo o bom nome do seu benfeitor. Para isto, numa carta dirigida a Santo Afonso, o superior de Geraldo, ela o acusou de pecados de impureza com a jovem de uma fam\u00edlia em cuja casa muitas vezes Geraldo ficava nas suas viagens mission\u00e1rias.<\/span><\/p><p class=\"s13\" style=\"padding-left: 40px; text-align: left;\"><span class=\"s4\">Geraldo foi chamado por Santo Afonso para responder \u00e0 acusa\u00e7\u00e3o. Mas, em vez de se defender, permaneceu em sil\u00eancio, seguindo o exemplo do seu divino Mestre. Diante deste sil\u00eancio, Santo Afonso nada p\u00f4de fazer, sen\u00e3o impor ao jovem religioso uma severa penit\u00eancia: foi negado a Geraldo o privil\u00e9gio de receber a santa Comunh\u00e3o e foi-lhe proibido todo contato com os de fora. N\u00e3o foi f\u00e1cil para Geraldo renunciar aos trabalhos pelo bem das almas, mas este era um sofrimento pequeno em compara\u00e7\u00e3o com a proibi\u00e7\u00e3o de comungar. Sentiu isto t\u00e3o profundamente, que chegou a pedir para ficar livre do privil\u00e9gio de ajudar a Missa, receando que, a veem\u00eancia do seu desejo de receber a comunh\u00e3o o fizesse arrancar a h\u00f3stia consagrada das m\u00e3os do padre no altar. <\/span><\/p><p class=\"s13\" style=\"padding-left: 40px; text-align: left;\"><span class=\"s4\">Algum tempo depois, <\/span><span class=\"s4\">N\u00e9ria<\/span><span class=\"s4\"> ficou gravemente enferma e escreveu uma carta a Santo Afonso confessando que as suas acusa\u00e7\u00f5es contra Geraldo n\u00e3o passavam de inven\u00e7\u00e3o e cal\u00fania. Ent\u00e3o, ela se retratou e inocentou Geraldo. N\u00e3o exultou indevidamente quando foi justificado. Em ambos os casos sentiu que a vontade de Deus tinha sido cumprida, e isto lhe bastava.<\/span><\/p><p class=\"s3\" style=\"padding-left: 40px; text-align: left;\"><strong><span class=\"s2\">S\u00e3o Gerardo Magela e seus dons<\/span><\/strong>\u200b<\/p><p class=\"s13\" style=\"padding-left: 40px; text-align: left;\"><span class=\"s4\">S\u00e3o Geraldo tamb\u00e9m tinha o dom da <\/span><span class=\"s4\">biloca\u00e7\u00e3o<\/span><span class=\"s4\">, ou seja, pelo poder de Deus, tinha a capacidade de estar presente em dois lugares ao mesmo tempo. Ele ficou conhecido por causa dos seus dons supernaturais como profecias, vis\u00f5es e \u00eaxtases, q<\/span><span class=\"s4\">uando, nesses momentos, se podia<\/span><span class=\"s4\"> ver seu corpo erguer-se do ch\u00e3o. Ele tamb\u00e9m tinha not\u00e1vel conhecimento e aprendia com facilidade. Embora n\u00e3o fosse padre, seus conselhos espirituais eram procurados pelos cl\u00e9rigos e comunidades de religiosas nas quais ele dava confer\u00eancias. Obtinha grande sucesso em converter pecadores e ficou famoso pela sua santidade e caridade.<\/span><\/p><p class=\"s13\" style=\"padding-left: 40px; text-align: left;\"><span class=\"s4\">Ainda em vida, S\u00e3o Geraldo ressuscitou um garoto que tinha ca\u00eddo de um rochedo; aben\u00e7oou a fraca provis\u00e3o de trigo de uma fam\u00edlia e ela durou at\u00e9 a colheita seguinte; v\u00e1rias vezes multiplicou o p\u00e3o que distribu\u00eda aos pobres. Certa vez ele andou sobre as \u00e1guas para levar um barco de pescadores at\u00e9 a seguran\u00e7a da praia em meio a ondas tempestuosas.<\/span><\/p><p class=\"s13\" style=\"padding-left: 40px; text-align: left;\"><span class=\"s4\">&#8220;Amar a Deus; estar unido a Deus; fazer as coisas por amor a Deus; amar aos irm\u00e3os por amor a Deus; sofrer por Deus. Minha obriga\u00e7\u00e3o \u00e9 fazer a vontade de Deus&#8221;. S\u00e3o Geraldo escreveu essas palavras, resumindo o seu desejo de servir a Deus e aos irm\u00e3os, a pedido do seu diretor espiritual.<\/span><\/p><p class=\"s3\" style=\"padding-left: 40px; text-align: left;\"><strong><span class=\"s2\">Cura e liberta\u00e7\u00e3o<\/span><\/strong><\/p><p class=\"s13\" style=\"padding-left: 40px; text-align: left;\"><span class=\"s4\">S\u00e3o Geraldo podia ler a mente e a consci\u00eancia das pessoas. Enviado a N\u00e1poles, come\u00e7ou a receber muitas visitas de pessoas que desejavam v\u00ea-lo e ouvir seus conselhos. Segundo relatos, v\u00e1rias pessoas se converteram gra\u00e7as aos seus conselhos. Ele tamb\u00e9m curava doen\u00e7as apenas com a sua ben\u00e7\u00e3o e ora\u00e7\u00e3o. Geraldo tamb\u00e9m contava \u00e0s pessoas seus pecados secretos, os quais elas tinham vergonha de confessar, levando-as \u00e0 penit\u00eancia e ao perd\u00e3o.<\/span><\/p><p class=\"s3\" style=\"padding-left: 40px; text-align: left;\"><strong><span class=\"s2\">Devo\u00e7\u00e3o a S\u00e3o Geraldo Magela<\/span><\/strong><\/p><p class=\"s13\" style=\"padding-left: 40px; text-align: left;\"><span class=\"s4\">S\u00e3o Geraldo Magela vivia em uma pequena cela do convento, com muita humildade. Na porta de sua cela, escreveu: &#8220;Aqui o desejo de Deus \u00e9 feito como Deus quer, quando e enquanto quiser&#8221;. <\/span><\/p><p class=\"s13\" style=\"padding-left: 40px; text-align: left;\"><span class=\"s4\">Ele morreu em <\/span><span class=\"s4\">Caposele<\/span><span class=\"s4\">, na It\u00e1lia, no dia 16 de outubro de 1755, v\u00edtima de uma tuberculose. Rapidamente seu t\u00famulo se tornou local de peregrina\u00e7\u00e3o e muitos milagres s\u00e3o creditados, at\u00e9 hoje, \u00e0 sua intercess\u00e3o. Em 29 de janeiro de 1893, foi beatificado pelo Papa Le\u00e3o XIII, e canonizado no dia 11 de dezembro do ano 1904, pelo Papa <\/span><span class=\"s4\">S\u00e3o <\/span><span class=\"s4\">Pio X. Sua festa \u00e9 celebrada em 16 de outubro.<\/span><\/p><p class=\"s3\" style=\"padding-left: 40px; text-align: left;\"><strong><span class=\"s2\">Prote\u00e7\u00e3o de S\u00e3o Geraldo Magela<\/span><\/strong><\/p><p class=\"s13\" style=\"padding-left: 40px; text-align: left;\"><span class=\"s4\">S\u00e3o Geraldo Magela \u00e9 o padroeiro dos alfaiates, das mulheres que querem engravidar, das gestantes, das crian\u00e7as, das m\u00e3es, das boas confiss\u00f5es, da cidade italiana Muro Lucano, dos porteiros, do bom parto. Ele \u00e9 modelo para todos os que querem seguir o caminho do Redentor, tanto padres, como irm\u00e3os ou leigos. Em Geraldo podemos aprender sobretudo a amar a Deus e \u00e0s pessoas, estar a servi\u00e7o e viver na alegria fazendo a vontade de Deus.<\/span><\/p><p class=\"s8\" style=\"padding-left: 40px; text-align: left;\"><strong><span class=\"s2\">Ora\u00e7\u00e3o a<\/span><span class=\"s2\"> S\u00e3o Geraldo <\/span><\/strong><\/p><p class=\"s13\" style=\"padding-left: 40px; text-align: left;\"><span class=\"s4\">\u00d3 S\u00e3o Geraldo, n\u00f3s nos alegramos pela felicidade de vossa gl\u00f3ria. N\u00f3s bendizemos a Deus pelos dons sublimes de vossa gra\u00e7a, a v\u00f3s dispensados com tanta largueza.<\/span><\/p><p class=\"s13\" style=\"padding-left: 40px; text-align: left;\"><span class=\"s4\">N\u00f3s vos felicitamos por haverdes correspondido<\/span><span class=\"s4\">, fielmente, a tanta bondade do Senhor. \u00d3 S\u00e3o Geraldo, ajudai-nos a imitar vossa fidelidade \u00e0 vontade Divina, vosso amor a Jesus Sacramentado, vossa devo\u00e7\u00e3o singular \u00e0 Maria Sant\u00edssima; vosso esp\u00edrito de penit\u00eancia, a pureza de vossa vida, e, enfim vossa grande caridade com os pobres, para com as m\u00e3es e para com os mais abandonados.<\/span><\/p><p class=\"s13\" style=\"padding-left: 40px; text-align: left;\"><span class=\"s4\">\u00d3 S\u00e3o Geraldo, socorrei-nos em todas as nossas precis\u00f5es espirituais e materiais. Alcan\u00e7ai-nos uma piedosa conformidade nas agruras, doen\u00e7as e sofrimentos da vida. Aben\u00e7oai as m\u00e3es, de quem sois o especial padroeiro. Protegei nossa Par\u00f3quia. Alcan\u00e7ai-nos de Deus muitas voca\u00e7\u00f5es sacerdotais e religiosas. Orai pela Igreja de Jesus Cristo e pelo Santo Padre, o Papa. Am\u00e9m.<\/span><\/p>\t\t\t\t\t<\/div>\n\t\t\t\t\t\t<\/div>\n\t\t\t\t<\/div>\n\t\t\t\t\t\t<\/div>\n\t\t\t\t\t<\/div>\n\t\t<\/div>\n\t\t\t\t\t\t\t\t<\/div>\n\t\t\t\t\t<\/div>\n\t\t<\/section>\n\t\t\t\t\t\t<\/div>\n\t\t\t\t\t\t<\/div>\n\t\t\t\t\t<\/div>\n\t\t","protected":false},"excerpt":{"rendered":"<p>Hist\u00f3ria do nosso Padroeiro S\u00e3o Geraldo Magela, nosso Padroeiro S\u00e3o Geraldo nasceu na cidade de Muro Lucano, sul da It\u00e1lia, em 23 de abril de 1726. Era filho de Benedetta. O pai, alfaiate, faleceu quando Geraldo estava com apenas 14 anos. Sua fam\u00edlia come\u00e7ou a passar por dificuldades extremas, caindo na pobreza. Para ajudar a &hellip;<\/p>\n<p class=\"read-more\"> <a class=\"\" href=\"https:\/\/paroquiasaogeraldo.org.br\/?page_id=809\"> <span class=\"screen-reader-text\">Hist\u00f3ria do Padroeiro<\/span> Leia mais &raquo;<\/a><\/p>\n","protected":false},"author":1,"featured_media":0,"parent":0,"menu_order":0,"comment_status":"closed","ping_status":"closed","template":"","meta":{"site-sidebar-layout":"no-sidebar","site-content-layout":"page-builder","ast-main-header-display":"","ast-hfb-above-header-display":"","ast-hfb-below-header-display":"","ast-hfb-mobile-header-display":"","site-post-title":"disabled","ast-breadcrumbs-content":"","ast-featured-img":"disabled","footer-sml-layout":"","theme-transparent-header-meta":"","adv-header-id-meta":"","stick-header-meta":"","header-above-stick-meta":"","header-main-stick-meta":"","header-below-stick-meta":"","footnotes":""},"class_list":["post-809","page","type-page","status-publish","hentry"],"_links":{"self":[{"href":"https:\/\/paroquiasaogeraldo.org.br\/index.php?rest_route=\/wp\/v2\/pages\/809","targetHints":{"allow":["GET"]}}],"collection":[{"href":"https:\/\/paroquiasaogeraldo.org.br\/index.php?rest_route=\/wp\/v2\/pages"}],"about":[{"href":"https:\/\/paroquiasaogeraldo.org.br\/index.php?rest_route=\/wp\/v2\/types\/page"}],"author":[{"embeddable":true,"href":"https:\/\/paroquiasaogeraldo.org.br\/index.php?rest_route=\/wp\/v2\/users\/1"}],"replies":[{"embeddable":true,"href":"https:\/\/paroquiasaogeraldo.org.br\/index.php?rest_route=%2Fwp%2Fv2%2Fcomments&post=809"}],"version-history":[{"count":7,"href":"https:\/\/paroquiasaogeraldo.org.br\/index.php?rest_route=\/wp\/v2\/pages\/809\/revisions"}],"predecessor-version":[{"id":858,"href":"https:\/\/paroquiasaogeraldo.org.br\/index.php?rest_route=\/wp\/v2\/pages\/809\/revisions\/858"}],"wp:attachment":[{"href":"https:\/\/paroquiasaogeraldo.org.br\/index.php?rest_route=%2Fwp%2Fv2%2Fmedia&parent=809"}],"curies":[{"name":"wp","href":"https:\/\/api.w.org\/{rel}","templated":true}]}}