{"id":271,"date":"2020-09-11T22:07:14","date_gmt":"2020-09-12T01:07:14","guid":{"rendered":"https:\/\/paroquiasaogeraldo.org.br\/?page_id=271-old"},"modified":"2022-02-16T17:42:59","modified_gmt":"2022-02-16T20:42:59","slug":"o-sino-da-independencia-before-import","status":"publish","type":"page","link":"https:\/\/paroquiasaogeraldo.org.br\/?page_id=271","title":{"rendered":"O Sino da Independ\u00eancia [OLD]"},"content":{"rendered":"\t\t<div data-elementor-type=\"wp-page\" data-elementor-id=\"271\" class=\"elementor elementor-271\" data-elementor-settings=\"[]\">\n\t\t\t\t\t\t<div class=\"elementor-inner\">\n\t\t\t\t\t\t\t<div class=\"elementor-section-wrap\">\n\t\t\t\t\t\t\t<section class=\"elementor-section elementor-top-section elementor-element elementor-element-6bfabd5d elementor-section-boxed elementor-section-height-default elementor-section-height-default\" data-id=\"6bfabd5d\" data-element_type=\"section\">\n\t\t\t\t\t\t<div class=\"elementor-container elementor-column-gap-default\">\n\t\t\t\t\t\t\t<div class=\"elementor-row\">\n\t\t\t\t\t<div class=\"elementor-column elementor-col-100 elementor-top-column elementor-element elementor-element-2efcecd7\" data-id=\"2efcecd7\" data-element_type=\"column\">\n\t\t\t<div class=\"elementor-column-wrap elementor-element-populated\">\n\t\t\t\t\t\t\t<div class=\"elementor-widget-wrap\">\n\t\t\t\t\t\t<div class=\"elementor-element elementor-element-bc2edd7 elementor-widget elementor-widget-image\" data-id=\"bc2edd7\" data-element_type=\"widget\" data-widget_type=\"image.default\">\n\t\t\t\t<div class=\"elementor-widget-container\">\n\t\t\t\t\t\t\t\t<div class=\"elementor-image\">\n\t\t\t\t\t\t\t\t\t\t\t\t<img loading=\"lazy\" decoding=\"async\" width=\"635\" height=\"423\" src=\"https:\/\/paroquiasaogeraldo.org.br\/wp-content\/uploads\/2020\/09\/15240543.jpeg\" class=\"attachment-large size-large\" alt=\"\" srcset=\"https:\/\/paroquiasaogeraldo.org.br\/wp-content\/uploads\/2020\/09\/15240543.jpeg 635w, https:\/\/paroquiasaogeraldo.org.br\/wp-content\/uploads\/2020\/09\/15240543-300x200.jpeg 300w\" sizes=\"auto, (max-width: 635px) 100vw, 635px\" \/>\t\t\t\t\t\t\t\t\t\t\t\t\t\t<\/div>\n\t\t\t\t\t\t<\/div>\n\t\t\t\t<\/div>\n\t\t\t\t\t\t<\/div>\n\t\t\t\t\t<\/div>\n\t\t<\/div>\n\t\t\t\t\t\t\t\t<\/div>\n\t\t\t\t\t<\/div>\n\t\t<\/section>\n\t\t\t\t<section class=\"elementor-section elementor-top-section elementor-element elementor-element-9c94932 elementor-section-boxed elementor-section-height-default elementor-section-height-default\" data-id=\"9c94932\" data-element_type=\"section\">\n\t\t\t\t\t\t<div class=\"elementor-container elementor-column-gap-default\">\n\t\t\t\t\t\t\t<div class=\"elementor-row\">\n\t\t\t\t\t<div class=\"elementor-column elementor-col-100 elementor-top-column elementor-element elementor-element-0fd272c\" data-id=\"0fd272c\" data-element_type=\"column\">\n\t\t\t<div class=\"elementor-column-wrap elementor-element-populated\">\n\t\t\t\t\t\t\t<div class=\"elementor-widget-wrap\">\n\t\t\t\t\t\t<div class=\"elementor-element elementor-element-bbb77f1 elementor-widget elementor-widget-text-editor\" data-id=\"bbb77f1\" data-element_type=\"widget\" data-widget_type=\"text-editor.default\">\n\t\t\t\t<div class=\"elementor-widget-container\">\n\t\t\t\t\t\t\t\t<div class=\"elementor-text-editor elementor-clearfix\">\n\t\t\t\t<p>A mem\u00f3ria do Sete de Setembro tem um personagem de peso, de mais de 2 mil quilos. \u00c9 o sino que tocou para anunciar a presen\u00e7a do pr\u00edncipe regente dom Pedro I na cidade de S\u00e3o Paulo, em 1822, e que ficou conhecido como o Sino da Independ\u00eancia.<\/p><p>No Brasil agr\u00edcola do s\u00e9culo XIX, os sinos marcavam a passagem do tempo no lugar do tique-taque dos rel\u00f3gios. Anunciavam nascimentos, mortes, missas, e tamb\u00e9m a chegada de figuras da fam\u00edlia real \u00e0 cidade.<\/p><p>Foi da Pra\u00e7a da S\u00e9, onde ficava a antiga catedral, na \u00e9poca a torre mais alta de S\u00e3o Paulo, que o badalo do sino anunciou a chegada de dom Pedro I \u00e0 cidade.<\/p><p>Assim, como o grito de Independ\u00eancia ou Morte, o sino se tornou um s\u00edmbolo do surgimento da na\u00e7\u00e3o. O professor de hist\u00f3ria da USP, Jo\u00e3o Paulo Pimenta, fala sobre como os paulistanos receberam o recado.<\/p><p>Sonora: \u201cAlgumas pessoas que sabiam o que tava acontecendo pensavam &#8216;olha, tem uma pessoa importante aqui na nossa cidade.&#8217; Outras pensavam: &#8216;l\u00e1 vem de novo esse sino ai que badala toda hora.&#8217; O recado ele n\u00e3o era para ser entendido com exatid\u00e3o porque a independ\u00eancia n\u00e3o foi produzida num \u00fanico dia, num \u00fanico momento. A presen\u00e7a de dom Pedro foi aumentando de import\u00e2ncia na medida em que, ao longo do ano de 1822, a sua autoridade foi sendo constru\u00edda e foi sendo legitimada de modo que ele se tornasse finalmente um imperador.\u201d<\/p><p>Com a demoli\u00e7\u00e3o da antiga Catedral da S\u00e9, em 1913, o sino, apelidado de bronze velho, foi transferido para o Mosteiro da Luz e, de l\u00e1, foi doado para a Igreja de S\u00e3o Geraldo, na zona oeste da capital paulista. H\u00e1 quase 80 anos, o sino se encontra no alto da torre, que tem cerca de 40 metros de altura.<\/p><p>Para chegar at\u00e9 o Bronze Velho, \u00e9 necess\u00e1rio subir tr\u00eas lances de uma escadaria com degraus \u00edngremes. Quem chega ao topo, pode perder o f\u00f4lego tamb\u00e9m por estar perto de uma rel\u00edquia de 200 anos. No sino, que pesa quase 2,5 toneladas, est\u00e3o gravados o nome do autor, Francisco Chagas Sampaio, as armas do reino de Portugal e um trecho do Salmo 150.<\/p><p>Al\u00e9m do bronze, o sino foi forjado com 18 quilos de ouro, o que deve ter chamado a aten\u00e7\u00e3o dos ladr\u00f5es que roubaram o badalo em 2003. Mas, para a surpresa deles, a pe\u00e7a n\u00e3o era feita de ouro, apenas de ferro e bronze. E nem era o badalo original que, ali\u00e1s, est\u00e1 muito bem guardado.<\/p><p>O epis\u00f3dio do roubo segue at\u00e9 hoje sem suspeitos. O sino ganhou um novo badalo e, em datas especiais, como P\u00e1scoa e Natal, seu repique ainda reverbera a mem\u00f3ria da independ\u00eancia do pa\u00eds.<\/p>\t\t\t\t\t<\/div>\n\t\t\t\t\t\t<\/div>\n\t\t\t\t<\/div>\n\t\t\t\t\t\t<\/div>\n\t\t\t\t\t<\/div>\n\t\t<\/div>\n\t\t\t\t\t\t\t\t<\/div>\n\t\t\t\t\t<\/div>\n\t\t<\/section>\n\t\t\t\t\t\t<\/div>\n\t\t\t\t\t\t<\/div>\n\t\t\t\t\t<\/div>\n\t\t","protected":false},"excerpt":{"rendered":"<p>A mem\u00f3ria do Sete de Setembro tem um personagem de peso, de mais de 2 mil quilos. \u00c9 o sino que tocou para anunciar a presen\u00e7a do pr\u00edncipe regente dom Pedro I na cidade de S\u00e3o Paulo, em 1822, e que ficou conhecido como o Sino da Independ\u00eancia. No Brasil agr\u00edcola do s\u00e9culo XIX, os &hellip;<\/p>\n<p class=\"read-more\"> <a class=\"\" href=\"https:\/\/paroquiasaogeraldo.org.br\/?page_id=271\"> <span class=\"screen-reader-text\">O Sino da Independ\u00eancia [OLD]<\/span> Leia mais &raquo;<\/a><\/p>\n","protected":false},"author":1,"featured_media":0,"parent":0,"menu_order":0,"comment_status":"closed","ping_status":"open","template":"","meta":{"site-sidebar-layout":"default","site-content-layout":"default","ast-main-header-display":"","ast-hfb-above-header-display":"","ast-hfb-below-header-display":"","ast-hfb-mobile-header-display":"","site-post-title":"","ast-breadcrumbs-content":"","ast-featured-img":"","footer-sml-layout":"","theme-transparent-header-meta":"","adv-header-id-meta":"","stick-header-meta":"","header-above-stick-meta":"","header-main-stick-meta":"","header-below-stick-meta":"","footnotes":""},"class_list":["post-271","page","type-page","status-publish","hentry"],"_links":{"self":[{"href":"https:\/\/paroquiasaogeraldo.org.br\/index.php?rest_route=\/wp\/v2\/pages\/271","targetHints":{"allow":["GET"]}}],"collection":[{"href":"https:\/\/paroquiasaogeraldo.org.br\/index.php?rest_route=\/wp\/v2\/pages"}],"about":[{"href":"https:\/\/paroquiasaogeraldo.org.br\/index.php?rest_route=\/wp\/v2\/types\/page"}],"author":[{"embeddable":true,"href":"https:\/\/paroquiasaogeraldo.org.br\/index.php?rest_route=\/wp\/v2\/users\/1"}],"replies":[{"embeddable":true,"href":"https:\/\/paroquiasaogeraldo.org.br\/index.php?rest_route=%2Fwp%2Fv2%2Fcomments&post=271"}],"version-history":[{"count":6,"href":"https:\/\/paroquiasaogeraldo.org.br\/index.php?rest_route=\/wp\/v2\/pages\/271\/revisions"}],"predecessor-version":[{"id":637,"href":"https:\/\/paroquiasaogeraldo.org.br\/index.php?rest_route=\/wp\/v2\/pages\/271\/revisions\/637"}],"wp:attachment":[{"href":"https:\/\/paroquiasaogeraldo.org.br\/index.php?rest_route=%2Fwp%2Fv2%2Fmedia&parent=271"}],"curies":[{"name":"wp","href":"https:\/\/api.w.org\/{rel}","templated":true}]}}